{"id":17032,"date":"2022-09-27T20:02:12","date_gmt":"2022-09-28T00:02:12","guid":{"rendered":"https:\/\/www.pedroandretta.info\/index\/?page_id=17032"},"modified":"2026-04-21T13:50:08","modified_gmt":"2026-04-21T17:50:08","slug":"outros-projetos","status":"publish","type":"page","link":"https:\/\/www.pedroandretta.info\/index\/outros-projetos\/","title":{"rendered":"Projetos digitais"},"content":{"rendered":"\n<p><strong>Projetos Web<\/strong><\/p>\n\n\n\n<p><a href=\"https:\/\/www.pedroandretta.info\/index\/classificaai\/\">Classifica &#8211; AI (2026)<\/a><\/p>\n\n\n\n<p><a href=\"https:\/\/pedroandretta.info\/cursos\/\">Aprende-CI &#8211; Cursos Aprende-CI \u2013 Cursos Abertos em Biblioteconomia e Ci\u00eancia da Informa\u00e7\u00e3o (2026)<\/a><\/p>\n\n\n\n<p><a href=\"https:\/\/www.pedroandretta.info\/index\/sucupira-scraper\/\">Raspador de dados dos trabalhos de conclus\u00e3o de curso &#8211; Sucupira (2025)<\/a><\/p>\n\n\n\n<p><a href=\"https:\/\/linktr.ee\/divulgaci\" target=\"_blank\" rel=\"noreferrer noopener\">Divulga-CI &#8211; Revista de Divulga\u00e7\u00e3o Cient\u00edfica em Ci\u00eancia da Informa\u00e7\u00e3o (2023)<\/a><\/p>\n\n\n\n<p><a href=\"http:\/\/www.lab.biblioteconomia.unir.br\/regressos\/\" target=\"_blank\" rel=\"noreferrer noopener\">R-Egressos &#8211; Rede de Egressos do Curso de Biblioteconomia \/ UNIR (2022)<\/a><\/p>\n\n\n\n<p><a href=\"https:\/\/linktr.ee\/informeci\" target=\"_blank\" rel=\"noreferrer noopener\">Projeto Informe-CI (2020)<\/a><\/p>\n\n\n\n<p><a href=\"http:\/\/www.lab.biblioteconomia.unir.br\/hilis\/\">Harvester in Library and Information Science &#8211; HiLIS (2016)<\/a><\/p>\n\n\n\n<p><a href=\"http:\/\/www.biblioteconomia.unir.br\/nos-unir\/\" target=\"_blank\" rel=\"noreferrer noopener\">Portal N\u00f3s-UNIR (2015)<\/a><\/p>\n\n\n\n<p><a href=\"http:\/\/www.biblioteconomia.unir.br\/moodle\/\" target=\"_blank\" rel=\"noreferrer noopener\">Moodle &#8211; Biblioteconomia \/ UNIR (2014)<\/a><\/p>\n\n\n\n<p><strong>Outros<\/strong><\/p>\n\n\n\n<p><a href=\"https:\/\/www.pedroandretta.info\/index\/arquivos-net\/\">Gerador e visualizador de arquivos de redes sociais *.Net (2025)<\/a><\/p>\n\n\n\n<p><a href=\"https:\/\/www.pedroandretta.info\/index\/contador-de-frequencia-de-palavras\/\">Contador de frequ\u00eancia de palavras (2025)<\/a><\/p>\n\n\n\n<p><a href=\"https:\/\/www.pedroandretta.info\/index\/tags\/\">Buscador de conte\u00fados indexados por Tags &#8211; Informe-CI (2024)<\/a><\/p>\n\n\n\n<p><strong>Roteiros e guias<\/strong><\/p>\n\n\n\n<p><a href=\"https:\/\/www.pedroandretta.info\/index\/ferramentas-de-ia-para-pesquisa-cientifica\/\">Ferramentas de Intelig\u00eancia Artificial (IA) para Pesquisa Cient\u00edfica (2025)<\/a><\/p>\n\n\n\n<p><a href=\"https:\/\/www.pedroandretta.info\/index\/ferramentas-de-melhoria-e-upscaling-de-imagens-com-ia\/\">Ferramentas de Melhoria e Upscaling de Imagens com IA (2025)<\/a><\/p>\n\n\n\n<p><a href=\"https:\/\/docs.google.com\/document\/d\/1Re5R75sCUy4L8lwdMaBfsW09kbf8mjyNLAj-Qc0UcEA\/edit?usp=sharing\" target=\"_blank\" rel=\"noreferrer noopener\">Pr\u00e1tica e fontes de informa\u00e7\u00e3o para a pesquisa cient\u00edfica &#8211; Roteiro (2023)<\/a><\/p>\n\n\n\n<p><strong>Pain\u00e9is<\/strong><\/p>\n\n\n\n<div class=\"wp-block-group\"><div class=\"wp-block-group__inner-container is-layout-flow wp-block-group-is-layout-flow\">\n<p><a href=\"https:\/\/datastudio.google.com\/reporting\/7340b3ab-3ff4-47ae-ba77-9735b39dfbff\/page\/p_piejlr8yvc\">Painel Interativo &#8211; Comunica\u00e7\u00e3o e Informa\u00e7\u00e3o (2022)<\/a> <\/p>\n\n\n\n<p><a href=\"https:\/\/datastudio.google.com\/reporting\/92c2ca82-a47e-45c5-ae8a-6c830cb979ab\/page\/NtMuC\" target=\"_blank\" rel=\"noreferrer noopener\">Painel Interativo &#8211; Divulga\u00e7\u00e3o Cient\u00edfica (2022)<\/a><\/p>\n<\/div><\/div>\n","protected":false},"excerpt":{"rendered":"<p>Projetos Web Classifica &#8211; AI (2026) Aprende-CI &#8211; Cursos Aprende-CI \u2013 Cursos Abertos em Biblioteconomia e Ci\u00eancia da Informa\u00e7\u00e3o (2026) Raspador de dados dos trabalhos de conclus\u00e3o de curso &#8211; Sucupira (2025) Divulga-CI &#8211; Revista de Divulga\u00e7\u00e3o Cient\u00edfica em Ci\u00eancia da Informa\u00e7\u00e3o (2023) R-Egressos &#8211; Rede de Egressos do Curso de Biblioteconomia \/ UNIR (2022)<\/p><\/div>\n<div class=\"blog-btn\"><a href=\"https:\/\/www.pedroandretta.info\/index\/outros-projetos\/\" class=\"home-blog-btn\">Ler mais<\/a><\/p>\n","protected":false},"author":1,"featured_media":0,"parent":0,"menu_order":0,"comment_status":"closed","ping_status":"closed","template":"","meta":{"footnotes":""},"class_list":["post-17032","page","type-page","status-publish","hentry"],"jetpack_sharing_enabled":true,"_links":{"self":[{"href":"https:\/\/www.pedroandretta.info\/index\/wp-json\/wp\/v2\/pages\/17032","targetHints":{"allow":["GET"]}}],"collection":[{"href":"https:\/\/www.pedroandretta.info\/index\/wp-json\/wp\/v2\/pages"}],"about":[{"href":"https:\/\/www.pedroandretta.info\/index\/wp-json\/wp\/v2\/types\/page"}],"author":[{"embeddable":true,"href":"https:\/\/www.pedroandretta.info\/index\/wp-json\/wp\/v2\/users\/1"}],"replies":[{"embeddable":true,"href":"https:\/\/www.pedroandretta.info\/index\/wp-json\/wp\/v2\/comments?post=17032"}],"version-history":[{"count":3,"href":"https:\/\/www.pedroandretta.info\/index\/wp-json\/wp\/v2\/pages\/17032\/revisions"}],"predecessor-version":[{"id":37816,"href":"https:\/\/www.pedroandretta.info\/index\/wp-json\/wp\/v2\/pages\/17032\/revisions\/37816"}],"wp:attachment":[{"href":"https:\/\/www.pedroandretta.info\/index\/wp-json\/wp\/v2\/media?parent=17032"}],"curies":[{"name":"wp","href":"https:\/\/api.w.org\/{rel}","templated":true}]}}