{"id":27,"date":"2013-03-22T10:48:31","date_gmt":"2013-03-22T10:48:31","guid":{"rendered":"http:\/\/www.pedroandretta.info\/index\/?page_id=27"},"modified":"2026-04-29T13:17:56","modified_gmt":"2026-04-29T17:17:56","slug":"sobre-2","status":"publish","type":"page","link":"https:\/\/www.pedroandretta.info\/index\/sobre-2\/","title":{"rendered":"Sobre"},"content":{"rendered":"\n<p>\u00a0<\/p>\n<p><img data-recalc-dims=\"1\" decoding=\"async\" class=\"aligncenter  wp-image-26335\" src=\"https:\/\/i0.wp.com\/www.pedroandretta.info\/index\/wp-content\/uploads\/2024\/08\/pedro-andretta.jpg?resize=377%2C502&#038;ssl=1\" alt=\"\" width=\"377\" height=\"502\" srcset=\"https:\/\/i0.wp.com\/www.pedroandretta.info\/index\/wp-content\/uploads\/2024\/08\/pedro-andretta-scaled.jpg?resize=225%2C300&amp;ssl=1 225w, https:\/\/i0.wp.com\/www.pedroandretta.info\/index\/wp-content\/uploads\/2024\/08\/pedro-andretta-scaled.jpg?resize=450%2C600&amp;ssl=1 450w, https:\/\/i0.wp.com\/www.pedroandretta.info\/index\/wp-content\/uploads\/2024\/08\/pedro-andretta-scaled.jpg?resize=768%2C1024&amp;ssl=1 768w, https:\/\/i0.wp.com\/www.pedroandretta.info\/index\/wp-content\/uploads\/2024\/08\/pedro-andretta-scaled.jpg?resize=1152%2C1536&amp;ssl=1 1152w, https:\/\/i0.wp.com\/www.pedroandretta.info\/index\/wp-content\/uploads\/2024\/08\/pedro-andretta-scaled.jpg?resize=1536%2C2048&amp;ssl=1 1536w, https:\/\/i0.wp.com\/www.pedroandretta.info\/index\/wp-content\/uploads\/2024\/08\/pedro-andretta-scaled.jpg?resize=1320%2C1760&amp;ssl=1 1320w, https:\/\/i0.wp.com\/www.pedroandretta.info\/index\/wp-content\/uploads\/2024\/08\/pedro-andretta-scaled.jpg?w=1920&amp;ssl=1 1920w, https:\/\/i0.wp.com\/www.pedroandretta.info\/index\/wp-content\/uploads\/2024\/08\/pedro-andretta-scaled.jpg?w=1392&amp;ssl=1 1392w\" sizes=\"(max-width: 377px) 100vw, 377px\" \/><\/p>\n<p>Graduado em Biblioteconomia e Ci\u00eancia da Informa\u00e7\u00e3o (2010), Mestre em Lingu\u00edstica (2013), Mestre em Ci\u00eancia, Tecnologia e Sociedade (2015) pela Universidade Federal de S\u00e3o Carlos e Doutor em Ci\u00eancia da Informa\u00e7\u00e3o pela Universidade de S\u00e3o Paulo (2021). Est\u00e1gio de P\u00f3s-Doutorado em Ci\u00eancia da Informa\u00e7\u00e3o pela Universidade Federal da Para\u00edba (2023)<\/p>\n<p>Durante o per\u00edodo de forma\u00e7\u00e3o fui intercambista pelo Programa Escala\/AUGM, bolsista ProEx-UFSCar e PIBIC\/CNPq, membro e diretor da Empresa Junior de Biblioteconomia e Ci\u00eancia da Informa\u00e7\u00e3o &#8211; InfoJr\/UFSCar e atuei em bibliotecas p\u00fablicas, universit\u00e1rias e especializadas.<\/p>\n<p>Atualmente atuo como professor efetivo junto ao Curso de Bacharelado em Biblioteconomia da Universidade Federal de Rond\u00f4nia. Al\u00e9m de atuar como professor permanente do Programa de P\u00f3s-Gradua\u00e7\u00e3o em Administra\u00e7\u00e3o e do Programa de P\u00f3s-Gradua\u00e7\u00e3o em Comunica\u00e7\u00e3o da Universidade Federal de Rond\u00f4nia.<\/p>\n<p class=\"aligncenter  wp-image-26335\">Os temas de pesquisa com os quais atuo s\u00e3o: Media\u00e7\u00e3o da Cultural, Estudos m\u00e9tricos em informa\u00e7\u00e3o, Tecnologias e Inova\u00e7\u00e3o, Produtos e servi\u00e7os de informa\u00e7\u00e3o e Tratamento da informa\u00e7\u00e3o.<\/p>\n<p>Nesse espa\u00e7o divulgo not\u00edcias em Biblioteconomia e Ci\u00eancia da Informa\u00e7\u00e3o e meus trabalhos de Ensino e Pesquisa.<\/p>\n<p>Conhe\u00e7a tamb\u00e9m meus projetos <strong><a title=\"Curr\u00edculo\" href=\"https:\/\/www.pedroandretta.info\/index\/informeci-2\/\">Informe-CI<\/a><\/strong>,<strong><a title=\"Curr\u00edculo\" href=\"https:\/\/www.divulgaci.labci.online\/\"> Divulga-CI<\/a><\/strong> e\u00a0<strong><a href=\"https:\/\/pedroandretta.info\/cursos\/\">Aprende-CI<\/a>.<\/strong><\/p>\n<p>Para mais informa\u00e7\u00f5es, acesse o <strong><a title=\"Curr\u00edculo\" href=\"http:\/\/lattes.cnpq.br\/3233724936156088\">Curr\u00edculo Lattes<\/a><\/strong><\/p>\n","protected":false},"excerpt":{"rendered":"<p>\u00a0 Graduado em Biblioteconomia e Ci\u00eancia da Informa\u00e7\u00e3o (2010), Mestre em Lingu\u00edstica (2013), Mestre em Ci\u00eancia, Tecnologia e Sociedade (2015) pela Universidade Federal de S\u00e3o Carlos e Doutor em Ci\u00eancia da Informa\u00e7\u00e3o pela Universidade de S\u00e3o Paulo (2021). Est\u00e1gio de P\u00f3s-Doutorado em Ci\u00eancia da Informa\u00e7\u00e3o pela Universidade Federal da Para\u00edba (2023) Durante o per\u00edodo de<\/p><\/div>\n<div class=\"blog-btn\"><a href=\"https:\/\/www.pedroandretta.info\/index\/sobre-2\/\" class=\"home-blog-btn\">Ler mais<\/a><\/p>\n","protected":false},"author":1,"featured_media":0,"parent":0,"menu_order":1,"comment_status":"closed","ping_status":"closed","template":"","meta":{"footnotes":""},"class_list":["post-27","page","type-page","status-publish","hentry"],"jetpack_sharing_enabled":true,"_links":{"self":[{"href":"https:\/\/www.pedroandretta.info\/index\/wp-json\/wp\/v2\/pages\/27","targetHints":{"allow":["GET"]}}],"collection":[{"href":"https:\/\/www.pedroandretta.info\/index\/wp-json\/wp\/v2\/pages"}],"about":[{"href":"https:\/\/www.pedroandretta.info\/index\/wp-json\/wp\/v2\/types\/page"}],"author":[{"embeddable":true,"href":"https:\/\/www.pedroandretta.info\/index\/wp-json\/wp\/v2\/users\/1"}],"replies":[{"embeddable":true,"href":"https:\/\/www.pedroandretta.info\/index\/wp-json\/wp\/v2\/comments?post=27"}],"version-history":[{"count":3,"href":"https:\/\/www.pedroandretta.info\/index\/wp-json\/wp\/v2\/pages\/27\/revisions"}],"predecessor-version":[{"id":37979,"href":"https:\/\/www.pedroandretta.info\/index\/wp-json\/wp\/v2\/pages\/27\/revisions\/37979"}],"wp:attachment":[{"href":"https:\/\/www.pedroandretta.info\/index\/wp-json\/wp\/v2\/media?parent=27"}],"curies":[{"name":"wp","href":"https:\/\/api.w.org\/{rel}","templated":true}]}}