{"id":30650,"date":"2025-05-04T21:47:24","date_gmt":"2025-05-05T01:47:24","guid":{"rendered":"https:\/\/www.pedroandretta.info\/index\/?page_id=30650"},"modified":"2025-06-13T16:11:19","modified_gmt":"2025-06-13T20:11:19","slug":"ferramentas-de-ia-para-pesquisa-cientifica","status":"publish","type":"page","link":"https:\/\/www.pedroandretta.info\/index\/ferramentas-de-ia-para-pesquisa-cientifica\/","title":{"rendered":"Ferramentas de Intelig\u00eancia Artificial para Pesquisa Cient\u00edfica"},"content":{"rendered":"\n<p><strong>Ferramentas de Intelig\u00eancia Artificial<\/strong> (<strong>IA) para Pesquisa Cient\u00edfica<\/strong> &#8211; Atualizado em maio\/2025<\/p>\n\n\n\n<p>\ud83d\udcda <strong>Busca e s\u00edntese de literatura<\/strong><\/p>\n\n\n\n<p>\ud83d\udccc <a class=\"\" href=\"https:\/\/consensus.app\/\">Consensus<\/a>: Identifica, analisa e resume pesquisas. <br>\ud83d\udccc <a class=\"\" href=\"https:\/\/www.semanticscholar.org\/\">Semantic Scholar<\/a>: Resume artigos, identifica cita\u00e7\u00f5es e autores-chave.<br>\ud83d\udccc <a class=\"\" href=\"https:\/\/www.scopus.com\/\">Scopus IA<\/a>: Encontre artigos e sintetize d\u00e9cadas de pesquisa.<br>\ud83d\udccc <a class=\"\" href=\"https:\/\/typeset.io\/\">SciSpace (Typeset)<\/a>: Resume artigos, responde perguntas em PDF e extrai conclus\u00f5es. <br>\ud83d\udccc <a class=\"\" href=\"https:\/\/elicit.org\/\">Elicit<\/a>: Formula perguntas de pesquisa e encontra literatura relevante.<br>\ud83d\udccc <a class=\"\" href=\"https:\/\/www.perplexity.ai\/\">Perplexity<\/a>: Buscador IA com respostas diretas e cita\u00e7\u00f5es.<br>\ud83d\udccc <a class=\"\" href=\"https:\/\/scisummary.com\/\">Scisummary<\/a>: Resume artigos em segundos.<br>\ud83d\udccc <a class=\"\" href=\"https:\/\/explainpaper.com\/\">Explainpaper<\/a>: Explica termos complexos em artigos cient\u00edficos.<\/p>\n\n\n\n<p>\u2705 <strong>Verifica\u00e7\u00e3o de cita\u00e7\u00f5es e refer\u00eancias<\/strong><\/p>\n\n\n\n<p>\ud83d\udccc <a class=\"\" href=\"https:\/\/scite.ai\/\">Scite<\/a>: Verifica cita\u00e7\u00f5es para garantir que est\u00e3o bem fundamentadas.<br>\ud83d\udccc <a class=\"\" href=\"https:\/\/www.scholarcy.com\/\">Scholarcy<\/a>: Extrai resumos, cita\u00e7\u00f5es e tabelas de artigos.<\/p>\n\n\n\n<p>\ud83d\udcca <strong>Organiza\u00e7\u00e3o visual da literatura<\/strong><\/p>\n\n\n\n<p>\ud83d\udccc <a class=\"\" href=\"https:\/\/www.researchrabbit.ai\/\">ResearchRabbit<\/a>: Explora literatura visualmente. Conecta-se com o Zenodo.<br>\ud83d\udccc <a class=\"\" href=\"https:\/\/www.connectedpapers.com\/\">Connected Papers<\/a>: Mostra rela\u00e7\u00f5es entre artigos com gr\u00e1ficos interativos.<br>\ud83d\udccc <a class=\"\" href=\"https:\/\/www.litmaps.com\/\">Litmaps<\/a>: Rastrea redes de cita\u00e7\u00f5es.<br>\ud83d\udccc <a class=\"\" href=\"https:\/\/inciteful.xyz\/\">Inciteful<\/a>: Descobre artigos relacionados a partir de um inicial.<\/p>\n\n\n\n<p>\ud83d\udcd1 <strong>Revis\u00e3o sistem\u00e1tica e extra\u00e7\u00e3o de informa\u00e7\u00f5es<\/strong><\/p>\n\n\n\n<p>\ud83d\udccc <a class=\"\" href=\"https:\/\/www.otio.ai\/\">Otio<\/a>: Resume artigos e organiza descobertas.<br>\ud83d\udccc <a class=\"\" href=\"https:\/\/www.chatpdf.com\/\">ChatPDF<\/a> \/ <a class=\"\" href=\"https:\/\/www.humata.ai\/\">Humata<\/a>: Analisa PDFs e extrai informa\u00e7\u00f5es-chave.<br>\ud83d\udccc <a class=\"\" href=\"https:\/\/www.rayyan.ai\/\">Rayyan<\/a>: Ideal para revis\u00f5es sistem\u00e1ticas.<br>\ud83d\udccc <a class=\"\" href=\"https:\/\/asreview.nl\/\">ASReview<\/a>: IA para revis\u00f5es sistem\u00e1ticas.<br>\ud83d\udccc <a>R Discovery<\/a>: Auxilia em revis\u00f5es sistem\u00e1ticas.<br>\ud83d\udccc <a class=\"\" href=\"https:\/\/notebooklm.google\/\">NotebookLM<\/a>: Extrai informa\u00e7\u00f5es-chave de documentos.<\/p>\n\n\n\n<p>\u270d\ufe0f <strong>Escrita e an\u00e1lise de texto<\/strong><\/p>\n\n\n\n<p>\ud83d\udccc <a class=\"\" href=\"https:\/\/quillbot.com\/\">QuillBot<\/a>: Parafraseia e resume textos longos.<br>\ud83d\udccc <a href=\"https:\/\/www.napkin.ai\/\" data-type=\"link\" data-id=\"https:\/\/www.napkin.ai\/\" target=\"_blank\" rel=\"noreferrer noopener\">Napkin IA<\/a>: Transforme seu texto em um diagrama\/fluxograma<\/p>\n\n\n\n<p>\ud83e\udd16 <strong>IA generalista para pesquisa<\/strong><\/p>\n\n\n\n<p>\ud83d\udccc <a class=\"\" href=\"https:\/\/mistral.ai\/\">Mixtral<\/a>, <a class=\"\" href=\"https:\/\/claude.ai\/\">Claude<\/a>, <a class=\"\" href=\"https:\/\/x.ai\/\">Grok<\/a>, <a class=\"\" href=\"https:\/\/gemini.google.com\/\">Gemini<\/a>, <a class=\"\" href=\"https:\/\/chat.openai.com\/\">ChatGPT<\/a>: IA para busca avan\u00e7ada e an\u00e1lise profunda.<br>\ud83d\udccc <a href=\"https:\/\/www.divulgaci.labci.online\/v-2-n-1-jan-2024\/gpts-posbr-a-inteligencia-artificial-na-pesquisa-em-teses-e-dissertacoes-por-joao-alberto-de-oliveira-lima\/\">ChatGPT P\u00f3s*BR<\/a>: Explore os registros do <em>Cat\u00e1logo de Teses e Disserta\u00e7\u00f5es da CAPES<\/em> at\u00e9 2021, com o GPT.<\/p>\n\n\n\n<p>\ud83d\udcca <strong>Bibliometria<\/strong><\/p>\n\n\n\n<p>\ud83d\udccc <a class=\"\" href=\"https:\/\/www.vosviewer.com\/\">Vosviewer<\/a> &amp; <a class=\"\" href=\"https:\/\/bibliometrix.org\/\">Bibliometrix<\/a>: Embora n\u00e3o sejam IA, analisam cita\u00e7\u00f5es e estruturas de pesquisa. Complemento perfeito para Connected Papers ou ResearchRabbit.<\/p>\n","protected":false},"excerpt":{"rendered":"<p>Ferramentas de Intelig\u00eancia Artificial (IA) para Pesquisa Cient\u00edfica &#8211; Atualizado em maio\/2025 \ud83d\udcda Busca e s\u00edntese de literatura \ud83d\udccc Consensus: Identifica, analisa e resume pesquisas. \ud83d\udccc Semantic Scholar: Resume artigos, identifica cita\u00e7\u00f5es e autores-chave.\ud83d\udccc Scopus IA: Encontre artigos e sintetize d\u00e9cadas de pesquisa.\ud83d\udccc SciSpace (Typeset): Resume artigos, responde perguntas em PDF e extrai conclus\u00f5es. \ud83d\udccc<\/p><\/div>\n<div class=\"blog-btn\"><a href=\"https:\/\/www.pedroandretta.info\/index\/ferramentas-de-ia-para-pesquisa-cientifica\/\" class=\"home-blog-btn\">Ler mais<\/a><\/p>\n","protected":false},"author":1,"featured_media":0,"parent":0,"menu_order":0,"comment_status":"closed","ping_status":"closed","template":"","meta":{"footnotes":""},"class_list":["post-30650","page","type-page","status-publish","hentry"],"jetpack_sharing_enabled":true,"_links":{"self":[{"href":"https:\/\/www.pedroandretta.info\/index\/wp-json\/wp\/v2\/pages\/30650","targetHints":{"allow":["GET"]}}],"collection":[{"href":"https:\/\/www.pedroandretta.info\/index\/wp-json\/wp\/v2\/pages"}],"about":[{"href":"https:\/\/www.pedroandretta.info\/index\/wp-json\/wp\/v2\/types\/page"}],"author":[{"embeddable":true,"href":"https:\/\/www.pedroandretta.info\/index\/wp-json\/wp\/v2\/users\/1"}],"replies":[{"embeddable":true,"href":"https:\/\/www.pedroandretta.info\/index\/wp-json\/wp\/v2\/comments?post=30650"}],"version-history":[{"count":0,"href":"https:\/\/www.pedroandretta.info\/index\/wp-json\/wp\/v2\/pages\/30650\/revisions"}],"wp:attachment":[{"href":"https:\/\/www.pedroandretta.info\/index\/wp-json\/wp\/v2\/media?parent=30650"}],"curies":[{"name":"wp","href":"https:\/\/api.w.org\/{rel}","templated":true}]}}