{"id":31972,"date":"2025-07-20T13:32:42","date_gmt":"2025-07-20T17:32:42","guid":{"rendered":"https:\/\/www.pedroandretta.info\/index\/?page_id=31972"},"modified":"2025-07-20T13:32:46","modified_gmt":"2025-07-20T17:32:46","slug":"ferramentas-de-melhoria-e-upscaling-de-imagens-com-ia","status":"publish","type":"page","link":"https:\/\/www.pedroandretta.info\/index\/ferramentas-de-melhoria-e-upscaling-de-imagens-com-ia\/","title":{"rendered":"Ferramentas de Melhoria e Upscaling de Imagens com IA"},"content":{"rendered":"\n<p><strong>Ferramentas de Melhoria e Upscaling de Imagens com IA<\/strong> &#8211; Atualizado em julho \/2025<\/p>\n\n\n\n<ol class=\"wp-block-list\">\n<li><a href=\"https:\/\/www.pixelcut.ai\/image-upscaler\">Upscayl<\/a><br>Tipo: Software gratuito de c\u00f3digo aberto (instal\u00e1vel)<br>Fun\u00e7\u00f5es: Upscaling de imagens com IA (4x, 8x), excelente para fotos borradas<br>Vantagens: 100% gratuito, roda localmente, preserva privacidade<br><\/li>\n\n\n\n<li><a href=\"https:\/\/www.upscale.media\/\">IA Image Upscaler<\/a><br>Tipo: Online<br>Fun\u00e7\u00f5es: Upscale com IA, remo\u00e7\u00e3o de ru\u00eddo<br>Limites: Gr\u00e1tis com limite di\u00e1rio (4 imagens\/dia)<br>Upscale: At\u00e9 4x<br><\/li>\n\n\n\n<li><a href=\"https:\/\/www.fotor.com\/photo-editor-app\/editor\/ai\/ai-enlarger\">Fotor AI Enlarger<\/a><br>Tipo: Online<br>Fun\u00e7\u00f5es: Upscaling com IA, remo\u00e7\u00e3o de desfoque<br>Limites: Gratuito com qualidade b\u00e1sica (tem vers\u00e3o premium)<br><\/li>\n\n\n\n<li><a href=\"https:\/\/bigjpg.com\/\">BigJPG<\/a><br>Tipo: Online<br>Fun\u00e7\u00f5es: Upscaler de fotos e ilustra\u00e7\u00f5es, reduz ru\u00eddo<br>Limites: 5 imagens gratuitas por semana para usu\u00e1rios n\u00e3o registrados<br><\/li>\n\n\n\n<li><a href=\"https:\/\/www.restorephotos.io\/\">RestorePhotos.io<\/a><br>Tipo: Online<br>Fun\u00e7\u00f5es: Restaura\u00e7\u00e3o de fotos antigas com IA (remove arranh\u00f5es, ru\u00eddo, etc.)<br>Totalmente gratuito: Baseado no modelo GFPGAN<br><\/li>\n\n\n\n<li><a href=\"https:\/\/hotpot.ai\/restore-picture\">Hotpot.ai \u2013 Photo Restoration<\/a><br>Tipo: Online<br>Fun\u00e7\u00f5es: Restaura fotos antigas, rasgadas, borradas<br>Limites: Gratuito com cr\u00e9ditos di\u00e1rios (sem necessidade de cadastro)<br><\/li>\n\n\n\n<li><a href=\"https:\/\/pho.to\/pr_enhancer\">Enhance.Pho.to<\/a><br>Fun\u00e7\u00f5es: Corre\u00e7\u00e3o autom\u00e1tica de brilho, contraste, ru\u00eddo e olhos vermelhos<br>Gr\u00e1tis: Totalmente gratuito e sem registro<br>Limita\u00e7\u00e3o: Interface mais simples, sem upscaling<br><\/li>\n\n\n\n<li><a href=\"https:\/\/pinetools.com\/sharpen-image\">PineTools &#8211; Image Sharpener<\/a><br>Fun\u00e7\u00f5es: Aumenta nitidez (n\u00e3o usa IA diretamente)<br>Gr\u00e1tis: Sim, ilimitado<br>\u00datil: Para ajustes r\u00e1pidos em imagens com leve desfoque<br><\/li>\n\n\n\n<li><a href=\"https:\/\/www.media.io\/image-enlarger.html\">AI Image Enlarger by Media.io<\/a><br>Fun\u00e7\u00f5es: Upscale, melhoria de rosto, aumento de nitidez<br>Gr\u00e1tis: Sim, com limite di\u00e1rio<br>Destaque: Tem op\u00e7\u00e3o para &#8220;Face Enhancer&#8221;<br><\/li>\n\n\n\n<li><a href=\"https:\/\/imgupscaler.com\/\">ImgUpscaler<\/a><br>Fun\u00e7\u00f5es: Upscaling 2x, 4x para fotos e imagens de anime<br>Gr\u00e1tis: 10 imagens por semana<br>Ideal para: Imagens pequenas, animes, rostos<\/li>\n<\/ol>\n","protected":false},"excerpt":{"rendered":"<p>Ferramentas de Melhoria e Upscaling de Imagens com IA &#8211; Atualizado em julho \/2025<\/p>\n","protected":false},"author":1,"featured_media":0,"parent":0,"menu_order":0,"comment_status":"closed","ping_status":"closed","template":"","meta":{"footnotes":""},"class_list":["post-31972","page","type-page","status-publish","hentry"],"jetpack_sharing_enabled":true,"_links":{"self":[{"href":"https:\/\/www.pedroandretta.info\/index\/wp-json\/wp\/v2\/pages\/31972","targetHints":{"allow":["GET"]}}],"collection":[{"href":"https:\/\/www.pedroandretta.info\/index\/wp-json\/wp\/v2\/pages"}],"about":[{"href":"https:\/\/www.pedroandretta.info\/index\/wp-json\/wp\/v2\/types\/page"}],"author":[{"embeddable":true,"href":"https:\/\/www.pedroandretta.info\/index\/wp-json\/wp\/v2\/users\/1"}],"replies":[{"embeddable":true,"href":"https:\/\/www.pedroandretta.info\/index\/wp-json\/wp\/v2\/comments?post=31972"}],"version-history":[{"count":0,"href":"https:\/\/www.pedroandretta.info\/index\/wp-json\/wp\/v2\/pages\/31972\/revisions"}],"wp:attachment":[{"href":"https:\/\/www.pedroandretta.info\/index\/wp-json\/wp\/v2\/media?parent=31972"}],"curies":[{"name":"wp","href":"https:\/\/api.w.org\/{rel}","templated":true}]}}