{"id":32,"date":"2013-03-22T10:52:29","date_gmt":"2013-03-22T10:52:29","guid":{"rendered":"http:\/\/www.pedroandretta.info\/index\/?page_id=32"},"modified":"2026-02-07T09:15:27","modified_gmt":"2026-02-07T13:15:27","slug":"contato","status":"publish","type":"page","link":"https:\/\/www.pedroandretta.info\/index\/contato\/","title":{"rendered":"Contato \/ Agendamento"},"content":{"rendered":"\n<p>Para marcar uma orienta\u00e7\u00e3o, atendimento extra aula ou discutir projetos e parcerias, escreva ou agende um hor\u00e1rio!<\/p>\n\n\n\n<p>pedro [ponto] andretta [arroba] unir.br<\/p>\n<p>ou agende um hor\u00e1rio abaixo!<\/p>\n\n\n\n<!-- Widget em linha do Calendly - in\u00edcio -->\n<div class=\"calendly-inline-widget\" data-url=\"https:\/\/calendly.com\/pedroandretta\/30min\" style=\"min-width:320px;height:630px;\"><\/div>\n<script type=\"text\/javascript\" src=\"https:\/\/assets.calendly.com\/assets\/external\/widget.js\" async=\"\"><\/script>\n<!-- Widget em linha do Calendly - fim -->\n","protected":false},"excerpt":{"rendered":"<p>Para marcar uma orienta\u00e7\u00e3o, atendimento extra aula ou discutir projetos e parcerias, escreva ou agende um hor\u00e1rio! pedro [ponto] andretta [arroba] unir.br ou agende um hor\u00e1rio abaixo!<\/p>\n","protected":false},"author":1,"featured_media":0,"parent":0,"menu_order":8,"comment_status":"closed","ping_status":"closed","template":"page-templates\/pagebuilder.php","meta":{"footnotes":""},"class_list":["post-32","page","type-page","status-publish","hentry"],"jetpack_sharing_enabled":true,"_links":{"self":[{"href":"https:\/\/www.pedroandretta.info\/index\/wp-json\/wp\/v2\/pages\/32","targetHints":{"allow":["GET"]}}],"collection":[{"href":"https:\/\/www.pedroandretta.info\/index\/wp-json\/wp\/v2\/pages"}],"about":[{"href":"https:\/\/www.pedroandretta.info\/index\/wp-json\/wp\/v2\/types\/page"}],"author":[{"embeddable":true,"href":"https:\/\/www.pedroandretta.info\/index\/wp-json\/wp\/v2\/users\/1"}],"replies":[{"embeddable":true,"href":"https:\/\/www.pedroandretta.info\/index\/wp-json\/wp\/v2\/comments?post=32"}],"version-history":[{"count":1,"href":"https:\/\/www.pedroandretta.info\/index\/wp-json\/wp\/v2\/pages\/32\/revisions"}],"predecessor-version":[{"id":36080,"href":"https:\/\/www.pedroandretta.info\/index\/wp-json\/wp\/v2\/pages\/32\/revisions\/36080"}],"wp:attachment":[{"href":"https:\/\/www.pedroandretta.info\/index\/wp-json\/wp\/v2\/media?parent=32"}],"curies":[{"name":"wp","href":"https:\/\/api.w.org\/{rel}","templated":true}]}}